{"id":289,"date":"2021-03-20T10:03:18","date_gmt":"2021-03-20T10:03:18","guid":{"rendered":"https:\/\/www.parikkalanrauta.fi\/?page_id=289"},"modified":"2022-01-27T08:16:35","modified_gmt":"2022-01-27T08:16:35","slug":"vinkkeja","status":"publish","type":"page","link":"https:\/\/www.parikkalanrauta.fi\/?page_id=289","title":{"rendered":"Vinkkej\u00e4"},"content":{"rendered":"\t\t<div data-elementor-type=\"wp-page\" data-elementor-id=\"289\" class=\"elementor elementor-289\">\n\t\t\t\t\t\t<section class=\"elementor-section elementor-top-section elementor-element elementor-element-2f3d3558 elementor-section-boxed elementor-section-height-default elementor-section-height-default\" data-id=\"2f3d3558\" data-element_type=\"section\" data-e-type=\"section\">\n\t\t\t\t\t\t<div class=\"elementor-container elementor-column-gap-default\">\n\t\t\t\t\t<div class=\"elementor-column elementor-col-100 elementor-top-column elementor-element elementor-element-70927cbb\" data-id=\"70927cbb\" data-element_type=\"column\" data-e-type=\"column\">\n\t\t\t<div class=\"elementor-widget-wrap elementor-element-populated\">\n\t\t\t\t\t\t<div class=\"elementor-element elementor-element-7ab86400 elementor-widget elementor-widget-text-editor\" data-id=\"7ab86400\" data-element_type=\"widget\" data-e-type=\"widget\" data-widget_type=\"text-editor.default\">\n\t\t\t\t<div class=\"elementor-widget-container\">\n\t\t\t\t\t\t\t\t\t\n<p><a href=\"https:\/\/www.k-rauta.fi\/inspiraatio-ja-ohjeet\/\">T\u00e4\u00e4lt\u00e4<\/a> l\u00f6yd\u00e4t vinkkej\u00e4 laiturin, terassin ym. rakenteluun..<\/p>\n\n\n\n<figure class=\"wp-block-image is-resized\"><a href=\"https:\/\/www.k-rauta.fi\/inspiraatio-ja-ohjeet\/\" target=\"_blank\" rel=\"noopener\"><img fetchpriority=\"high\" decoding=\"async\" src=\"https:\/\/images.ctfassets.net\/5g7b6ypj247n\/6mQWGyG6RAPjyIZxOVOqSX\/87020de99e002647b881af0ab8c4c227\/terassin-portaiden-ja-kansilautojen-kiinnitys-k-rauta-hm.jpg?w=750&amp;h=460&amp;q=80&amp;fm=jpg\" alt=\"terassin-portaiden-ja-kansilautojen-kiinnitys-k-rauta-hm\" width=\"401\" height=\"401\"\/><\/a><\/figure>\n\t\t\t\t\t\t\t\t<\/div>\n\t\t\t\t<\/div>\n\t\t\t\t<div class=\"elementor-element elementor-element-15a5d80 elementor-widget elementor-widget-text-editor\" data-id=\"15a5d80\" data-element_type=\"widget\" data-e-type=\"widget\" data-widget_type=\"text-editor.default\">\n\t\t\t\t<div class=\"elementor-widget-container\">\n\t\t\t\t\t\t\t\t\t<p><\/p>\n<h1><a href=\"https:\/\/www.k-rauta.fi\/inspiraatio-ja-ohjeet\/maalaaminen\/talon-maalaus\" target=\"_blank\" rel=\"noopener\">Talon maalaus<\/a> \u2013 ammattilaisen vinkit ulkomaalaukseen<\/h1>\n<p><\/p>\n<p><\/p>\n<figure class=\"wp-block-image is-resized\"><img decoding=\"async\" src=\"https:\/\/images.ctfassets.net\/5g7b6ypj247n\/10gYlYzLTA1IXVa9Afy45c\/708dafe1e1955df06ef87591acea17fa\/talon-maalaus-k-rauta-artikkeli.jpg?fl=progressive&amp;fm=jpg&amp;h=800&amp;q=80&amp;w=800\" class=\" lazyloaded\" data-src=\"\/\/images.ctfassets.net\/5g7b6ypj247n\/10gYlYzLTA1IXVa9Afy45c\/708dafe1e1955df06ef87591acea17fa\/talon-maalaus-k-rauta-artikkeli.jpg?fl=progressive&amp;fm=jpg&amp;h=800&amp;q=80&amp;w=800\" alt=\"talon-maalaus-k-rauta-artikkeli\" \/><a href=\"https:\/\/www.k-rauta.fi\/inspiraatio-ja-ohjeet\/maalaaminen\/talon-maalaus\"><\/a><\/figure>\n<p><\/p>\t\t\t\t\t\t\t\t<\/div>\n\t\t\t\t<\/div>\n\t\t\t\t\t<\/div>\n\t\t<\/div>\n\t\t\t\t\t<\/div>\n\t\t<\/section>\n\t\t\t\t<\/div>\n\t\t","protected":false},"excerpt":{"rendered":"<p>T\u00e4\u00e4lt\u00e4 l\u00f6yd\u00e4t vinkkej\u00e4 laiturin, terassin ym. rakenteluun.. Talon maalaus \u2013 ammattilaisen vinkit ulkomaalaukseen<\/p>\n","protected":false},"author":1,"featured_media":0,"parent":0,"menu_order":0,"comment_status":"closed","ping_status":"closed","template":"","meta":{"_uag_custom_page_level_css":"","footnotes":""},"class_list":["post-289","page","type-page","status-publish","hentry"],"uagb_featured_image_src":{"full":false,"thumbnail":false,"medium":false,"medium_large":false,"large":false,"1536x1536":false,"2048x2048":false,"hestia-blog":false},"uagb_author_info":{"display_name":"admin","author_link":"https:\/\/www.parikkalanrauta.fi\/?author=1"},"uagb_comment_info":0,"uagb_excerpt":"T\u00e4\u00e4lt\u00e4 l\u00f6yd\u00e4t vinkkej\u00e4 laiturin, terassin ym. rakenteluun.. Talon maalaus \u2013 ammattilaisen vinkit ulkomaalaukseen","_links":{"self":[{"href":"https:\/\/www.parikkalanrauta.fi\/index.php?rest_route=\/wp\/v2\/pages\/289","targetHints":{"allow":["GET"]}}],"collection":[{"href":"https:\/\/www.parikkalanrauta.fi\/index.php?rest_route=\/wp\/v2\/pages"}],"about":[{"href":"https:\/\/www.parikkalanrauta.fi\/index.php?rest_route=\/wp\/v2\/types\/page"}],"author":[{"embeddable":true,"href":"https:\/\/www.parikkalanrauta.fi\/index.php?rest_route=\/wp\/v2\/users\/1"}],"replies":[{"embeddable":true,"href":"https:\/\/www.parikkalanrauta.fi\/index.php?rest_route=%2Fwp%2Fv2%2Fcomments&post=289"}],"version-history":[{"count":15,"href":"https:\/\/www.parikkalanrauta.fi\/index.php?rest_route=\/wp\/v2\/pages\/289\/revisions"}],"predecessor-version":[{"id":1351,"href":"https:\/\/www.parikkalanrauta.fi\/index.php?rest_route=\/wp\/v2\/pages\/289\/revisions\/1351"}],"wp:attachment":[{"href":"https:\/\/www.parikkalanrauta.fi\/index.php?rest_route=%2Fwp%2Fv2%2Fmedia&parent=289"}],"curies":[{"name":"wp","href":"https:\/\/api.w.org\/{rel}","templated":true}]}}